{"id":104,"date":"2025-04-06T14:55:48","date_gmt":"2025-04-06T14:55:48","guid":{"rendered":"https:\/\/manuferrum.de\/?page_id=104"},"modified":"2025-04-06T14:57:31","modified_gmt":"2025-04-06T14:57:31","slug":"datenschutzerklaerung","status":"publish","type":"page","link":"https:\/\/manuferrum.de\/?page_id=104","title":{"rendered":"Datenschutzerkl\u00e4rung"},"content":{"rendered":"\t\t<div data-elementor-type=\"wp-page\" data-elementor-id=\"104\" class=\"elementor elementor-104\" data-elementor-post-type=\"page\">\n\t\t\t\t<div class=\"elementor-element elementor-element-b71555f e-flex e-con-boxed e-con e-parent\" data-id=\"b71555f\" data-element_type=\"container\" data-e-type=\"container\">\n\t\t\t\t\t<div class=\"e-con-inner\">\n\t\t\t\t<div class=\"elementor-element elementor-element-b7ed40b elementor-widget elementor-widget-text-editor\" data-id=\"b7ed40b\" data-element_type=\"widget\" data-e-type=\"widget\" data-widget_type=\"text-editor.default\">\n\t\t\t\t<div class=\"elementor-widget-container\">\n\t\t\t\t\t\t\t\t\t<p>Soweit nachstehend keine anderen Angaben gemacht werden, ist die Bereitstellung Deiner personenbezogenen Daten weder gesetzlich oder vertraglich vorgeschrieben, noch f\u00fcr einen Vertragsabschluss erforderlich. Du bist zur Bereitstellung der Daten nicht verpflichtet. Eine Nichtbereitstellung hat keine Folgen. Dies gilt nur soweit bei den nachfolgenden Verarbeitungsvorg\u00e4ngen keine anderweitige Angabe gemacht wird.<br \/>&#8222;Personenbezogene Daten&#8220; sind alle Informationen, die sich auf eine identifizierte oder identifizierbare nat\u00fcrliche Person beziehen.<\/p><div><strong><span data-mce-mark=\"1\">Server-Logfiles<\/span><\/strong><\/div><div><span data-mce-mark=\"1\">Du kannst unsere Webseiten besuchen, ohne Angaben zu Deiner Person zu machen.\u00a0<\/span><\/div><div><span data-mce-mark=\"1\">Bei jedem Zugriff auf unsere Website werden an uns oder unseren Webhoster \/ IT-Dienstleister Nutzungsdaten durch Deinen Internet Browser \u00fcbermittelt und in Protokolldaten (sog. Server-Logfiles) gespeichert. Zu diesen gespeicherten Daten geh\u00f6ren z.B. der Name der aufgerufenen Seite, Datum und Uhrzeit des Abrufs, die IP-Adresse, die \u00fcbertragene Datenmenge und der anfragende Provider. Die Verarbeitung erfolgt auf Grundlage des Art. 6 Abs. 1 lit. f DSGVO aus unserem \u00fcberwiegenden berechtigten Interesse an der Gew\u00e4hrleistung eines st\u00f6rungsfreien Betriebs unserer Website sowie zur Verbesserung unseres Angebotes.\u00a0<\/span><br \/>\u00a0<\/div><p><br \/><span data-mce-mark=\"1\"><em><strong>Bestellungen\u00a0\u00a0\u00a0\u00a0\u00a0\u00a0<\/strong><\/em><\/span><\/p><div><strong><span data-mce-mark=\"1\">Erhebung, Verarbeitung und Weitergabe personenbezogener Daten bei Bestellungen<\/span><\/strong><\/div><div><span data-mce-mark=\"1\">Bei der Bestellung erheben und verarbeiten wir Deine personenbezogenen Daten nur, soweit dies zur Erf\u00fcllung und Abwicklung Ihrer Bestellung sowie zur Bearbeitung Deiner Anfragen erforderlich ist. Die Bereitstellung der Daten ist f\u00fcr den Vertragsschluss erforderlich. Eine Nichtbereitstellung hat zur Folge, dass kein Vertrag geschlossen werden kann. Die Verarbeitung erfolgt auf Grundlage des Art. 6 Abs. 1 lit. b DSGVO und ist f\u00fcr die Erf\u00fcllung eines Vertrags mit Dirr erforderlich.\u00a0<\/span><\/div><div><span data-mce-mark=\"1\">Eine Weitergabe Deiner Daten erfolgt dabei beispielsweise an die von Dir gew\u00e4hlten Versandunternehmen und Dropshipping Anbieter, Zahlungsdienstleister, Diensteanbieter f\u00fcr die Bestellabwicklung und IT-Dienstleister. In allen F\u00e4llen beachten wir strikt die gesetzlichen Vorgaben. Der Umfang der Daten\u00fcbermittlung beschr\u00e4nkt sich auf ein Mindestma\u00df.<\/span><br \/>\u00a0<\/div><p><br \/><span data-mce-mark=\"1\"><strong><em>Betroffenenrechte und Speicherdauer<\/em><\/strong><\/span><br \/><br \/><span data-mce-mark=\"1\"><strong>Dauer der Speicherung<\/strong><br \/>Nach vollst\u00e4ndiger Vertragsabwicklung werden die Daten zun\u00e4chst f\u00fcr die Dauer der Gew\u00e4hrleistungsfrist, danach unter Ber\u00fccksichtigung gesetzlicher, insbesondere steuer- und handelsrechtlicher Aufbewahrungsfristen gespeichert und dann nach Fristablauf gel\u00f6scht, sofern Du der weitergehenden Verarbeitung und Nutzung nicht zugestimmt hast.<\/span><br \/><br \/><span data-mce-mark=\"1\"><strong>Rechte der betroffenen Person<\/strong><br \/>Dir stehen bei Vorliegen der gesetzlichen Voraussetzungen folgende Rechte nach Artt. 15 bis 20 DSGVO zu: Recht auf Auskunft, auf Berichtigung, auf L\u00f6schung, auf Einschr\u00e4nkung der Verarbeitung, auf Daten\u00fcbertragbarkeit.<br \/>Au\u00dferdem steht Dir nach Art. 21 Abs. 1 DSGVO ein Widerspruchsrecht gegen die Verarbeitungen zu, die auf Art. 6 Abs. 1 f DSGVO beruhen, sowie gegen die Verarbeitung zum Zwecke von Direktwerbung.<\/span><br \/><br \/><span data-mce-mark=\"1\">Du kannst uns auf Wunsch kontaktieren. Die Kontaktdaten findest Du in unserem Impressum.<\/span><br \/><br \/><span data-mce-mark=\"1\">Unseren Datenschutzbeauftragten erreichst Du direkt unter: <\/span><\/p><p>Rechtsanwalt<br \/>Andre Vogel<br \/>Markt 15<br \/>23701 Eutin<br \/>av@advorateutin.de<br \/><br \/><strong>Beschwerderecht bei der Aufsichtsbeh\u00f6rde<\/strong><br \/>Du hast gem\u00e4\u00df Art. 77 DSGVO das Recht, dich bei der Aufsichtsbeh\u00f6rde zu beschweren, wenn Du der Ansicht bist, dass die Verarbeitung Deiner personenbezogenen Daten nicht rechtm\u00e4\u00dfig erfolgt.<br \/><br \/><strong>Widerspruchsrecht<\/strong><br \/>Beruhen die hier aufgef\u00fchrten personenbezogenen Datenverarbeitungen auf Grundlage unseres berechtigten Interesses nach Art. 6 Abs. 1 lit. f DSGVO, hast Du das Recht aus Gr\u00fcnden, die sich aus Deiner besonderen Situation ergeben, jederzeit diesen Verarbeitungen mit Wirkung f\u00fcr die Zukunft zu widersprechen.<br \/>Nach erfolgtem Widerspruch wird die Verarbeitung der betroffenen Daten beendet, es sei denn, wir k\u00f6nnen zwingende schutzw\u00fcrdige Gr\u00fcnde f\u00fcr die Verarbeitung nachweisen, die Deinen Interessen, Rechten und Freiheiten \u00fcberwiegen, oder wenn die Verarbeitung der Geltendmachung, Aus\u00fcbung oder Verteidigung von Rechtsanspr\u00fcchen dient.<br \/><br \/>Erfolgt die personenbezogene Datenverarbeitung zu Zwecken der Direktwerbung, kannst Du dieser Verarbeitung jederzeit durch Mitteilung an uns widersprechen. Nach erfolgtem Widerspruch beenden wir die Verarbeitung der betroffenen Daten zum Zwecke der Direktwerbung.<\/p>\t\t\t\t\t\t\t\t<\/div>\n\t\t\t\t<\/div>\n\t\t\t\t\t<\/div>\n\t\t\t\t<\/div>\n\t\t\t\t<\/div>\n\t\t","protected":false},"excerpt":{"rendered":"<p>Soweit nachstehend keine anderen Angaben gemacht werden, ist die Bereitstellung Deiner personenbezogenen Daten weder gesetzlich oder vertraglich vorgeschrieben, noch f\u00fcr einen Vertragsabschluss erforderlich. Du bist zur Bereitstellung der Daten nicht verpflichtet. Eine Nichtbereitstellung hat keine Folgen. Dies gilt nur soweit bei den nachfolgenden Verarbeitungsvorg\u00e4ngen keine anderweitige Angabe gemacht wird.&#8222;Personenbezogene Daten&#8220; sind alle Informationen, die sich auf eine identifizierte oder identifizierbare nat\u00fcrliche Person beziehen. Server-LogfilesDu kannst unsere Webseiten besuchen, ohne Angaben zu Deiner Person zu machen.\u00a0Bei jedem Zugriff auf unsere Website werden an uns oder unseren Webhoster \/ IT-Dienstleister Nutzungsdaten durch Deinen Internet Browser \u00fcbermittelt und in Protokolldaten (sog. Server-Logfiles) gespeichert. Zu diesen gespeicherten Daten geh\u00f6ren z.B. der Name der aufgerufenen Seite, Datum und Uhrzeit des Abrufs, die IP-Adresse, die \u00fcbertragene Datenmenge und der anfragende Provider. Die Verarbeitung erfolgt auf Grundlage des Art. 6 Abs. 1 lit. f DSGVO aus unserem \u00fcberwiegenden berechtigten Interesse an der Gew\u00e4hrleistung eines st\u00f6rungsfreien Betriebs unserer Website sowie zur Verbesserung unseres Angebotes.\u00a0\u00a0 Bestellungen\u00a0\u00a0\u00a0\u00a0\u00a0\u00a0 Erhebung, Verarbeitung und Weitergabe personenbezogener Daten bei BestellungenBei der Bestellung erheben und verarbeiten wir Deine personenbezogenen Daten nur, soweit dies zur Erf\u00fcllung und Abwicklung Ihrer Bestellung sowie zur Bearbeitung Deiner Anfragen erforderlich ist. Die Bereitstellung der Daten ist f\u00fcr den Vertragsschluss erforderlich. Eine Nichtbereitstellung hat zur Folge, dass kein Vertrag geschlossen werden kann. Die Verarbeitung erfolgt auf Grundlage des Art. 6 Abs. 1 lit. b DSGVO und ist f\u00fcr die Erf\u00fcllung eines Vertrags mit Dirr erforderlich.\u00a0Eine Weitergabe Deiner Daten erfolgt dabei beispielsweise an die von Dir gew\u00e4hlten Versandunternehmen und Dropshipping Anbieter, Zahlungsdienstleister, Diensteanbieter f\u00fcr die Bestellabwicklung und IT-Dienstleister. In allen F\u00e4llen beachten wir strikt die gesetzlichen Vorgaben. Der Umfang der Daten\u00fcbermittlung beschr\u00e4nkt sich auf ein Mindestma\u00df.\u00a0 Betroffenenrechte und Speicherdauer Dauer der SpeicherungNach vollst\u00e4ndiger Vertragsabwicklung werden die Daten zun\u00e4chst f\u00fcr die Dauer der Gew\u00e4hrleistungsfrist, danach unter Ber\u00fccksichtigung gesetzlicher, insbesondere steuer- und handelsrechtlicher Aufbewahrungsfristen gespeichert und dann nach Fristablauf gel\u00f6scht, sofern Du der weitergehenden Verarbeitung und Nutzung nicht zugestimmt hast. Rechte der betroffenen PersonDir stehen bei Vorliegen der gesetzlichen Voraussetzungen folgende Rechte nach Artt. 15 bis 20 DSGVO zu: Recht auf Auskunft, auf Berichtigung, auf L\u00f6schung, auf Einschr\u00e4nkung der Verarbeitung, auf Daten\u00fcbertragbarkeit.Au\u00dferdem steht Dir nach Art. 21 Abs. 1 DSGVO ein Widerspruchsrecht gegen die Verarbeitungen zu, die auf Art. 6 Abs. 1 f DSGVO beruhen, sowie gegen die Verarbeitung zum Zwecke von Direktwerbung. Du kannst uns auf Wunsch kontaktieren. Die Kontaktdaten findest Du in unserem Impressum. Unseren Datenschutzbeauftragten erreichst Du direkt unter: RechtsanwaltAndre VogelMarkt 1523701 Eutinav@advorateutin.de Beschwerderecht bei der Aufsichtsbeh\u00f6rdeDu hast gem\u00e4\u00df Art. 77 DSGVO das Recht, dich bei der Aufsichtsbeh\u00f6rde zu beschweren, wenn Du der Ansicht bist, dass die Verarbeitung Deiner personenbezogenen Daten nicht rechtm\u00e4\u00dfig erfolgt. WiderspruchsrechtBeruhen die hier aufgef\u00fchrten personenbezogenen Datenverarbeitungen auf Grundlage unseres berechtigten Interesses nach Art. 6 Abs. 1 lit. f DSGVO, hast Du das Recht aus Gr\u00fcnden, die sich aus Deiner besonderen Situation ergeben, jederzeit diesen Verarbeitungen mit Wirkung f\u00fcr die Zukunft zu widersprechen.Nach erfolgtem Widerspruch wird die Verarbeitung der betroffenen Daten beendet, es sei denn, wir k\u00f6nnen zwingende schutzw\u00fcrdige Gr\u00fcnde f\u00fcr die Verarbeitung nachweisen, die Deinen Interessen, Rechten und Freiheiten \u00fcberwiegen, oder wenn die Verarbeitung der Geltendmachung, Aus\u00fcbung oder Verteidigung von Rechtsanspr\u00fcchen dient. Erfolgt die personenbezogene Datenverarbeitung zu Zwecken der Direktwerbung, kannst Du dieser Verarbeitung jederzeit durch Mitteilung an uns widersprechen. Nach erfolgtem Widerspruch beenden wir die Verarbeitung der betroffenen Daten zum Zwecke der Direktwerbung.<\/p>\n","protected":false},"author":1,"featured_media":0,"parent":0,"menu_order":0,"comment_status":"closed","ping_status":"closed","template":"","meta":{"footnotes":""},"class_list":["post-104","page","type-page","status-publish","hentry"],"_links":{"self":[{"href":"https:\/\/manuferrum.de\/index.php?rest_route=\/wp\/v2\/pages\/104","targetHints":{"allow":["GET"]}}],"collection":[{"href":"https:\/\/manuferrum.de\/index.php?rest_route=\/wp\/v2\/pages"}],"about":[{"href":"https:\/\/manuferrum.de\/index.php?rest_route=\/wp\/v2\/types\/page"}],"author":[{"embeddable":true,"href":"https:\/\/manuferrum.de\/index.php?rest_route=\/wp\/v2\/users\/1"}],"replies":[{"embeddable":true,"href":"https:\/\/manuferrum.de\/index.php?rest_route=%2Fwp%2Fv2%2Fcomments&post=104"}],"version-history":[{"count":7,"href":"https:\/\/manuferrum.de\/index.php?rest_route=\/wp\/v2\/pages\/104\/revisions"}],"predecessor-version":[{"id":111,"href":"https:\/\/manuferrum.de\/index.php?rest_route=\/wp\/v2\/pages\/104\/revisions\/111"}],"wp:attachment":[{"href":"https:\/\/manuferrum.de\/index.php?rest_route=%2Fwp%2Fv2%2Fmedia&parent=104"}],"curies":[{"name":"wp","href":"https:\/\/api.w.org\/{rel}","templated":true}]}}