{"id":2,"date":"2024-06-05T09:29:30","date_gmt":"2024-06-05T09:29:30","guid":{"rendered":"https:\/\/cs-server4.de\/?page_id=2"},"modified":"2025-04-06T14:18:50","modified_gmt":"2025-04-06T14:18:50","slug":"start","status":"publish","type":"page","link":"https:\/\/manuferrum.de\/","title":{"rendered":"Start"},"content":{"rendered":"\t\t<div data-elementor-type=\"wp-page\" data-elementor-id=\"2\" class=\"elementor elementor-2\" data-elementor-post-type=\"page\">\n\t\t\t\t<div class=\"elementor-element elementor-element-2df030bd e-flex e-con-boxed e-con e-parent\" data-id=\"2df030bd\" data-element_type=\"container\" data-e-type=\"container\">\n\t\t\t\t\t<div class=\"e-con-inner\">\n\t\t\t\t<div class=\"elementor-element elementor-element-1efc2fb7 elementor-widget elementor-widget-text-editor\" data-id=\"1efc2fb7\" data-element_type=\"widget\" data-e-type=\"widget\" data-widget_type=\"text-editor.default\">\n\t\t\t\t<div class=\"elementor-widget-container\">\n\t\t\t\t\t\t\t\t\t<div><div><h5>Was ist <span style=\"color: #ff6600;\">MANUFERRUM<\/span><\/h5><div><p>Kunstvolle kreativite Manufaktur im Bereich Metalldekoration f\u00fcr den Aussen- und Innenbereich in 23730 Neustadt!<\/p><p align=\"justify\">Wir sind eine Manufaktur in Norddeutschland, die sich auf allerlei Dekorationsgegenst\u00e4nde f\u00fcr Haus und Garten spezialisiert hat. Neben Feuerk\u00f6rben, Blumenschalen und Schildern haben wir uns mittlerweile mit unseren besonderen S\u00e4ulen und Pyramiden einen Namen gemacht. Frank Schumacher, Gr\u00fcnder und Kreativkopf der Unternehmens greift auf jahrelange Erfahrung im Bereich des Schwei\u00dfens und Schmiedens zur\u00fcck und hat bereits einige neue Motive entwickelt, die die S\u00e4ulen, Pyramiden und Feuerk\u00f6rbe schm\u00fccken. Die Artikel eignen sich nicht nur f\u00fcr den Garten und die Terrasse, sondern auch f\u00fcr den Balkon oder das Wohnzimmer.<\/p><\/div><\/div><\/div><p><!-- \/wp:paragraph --><\/p>\t\t\t\t\t\t\t\t<\/div>\n\t\t\t\t<\/div>\n\t\t\t\t\t<\/div>\n\t\t\t\t<\/div>\n\t\t\t\t<\/div>\n\t\t","protected":false},"excerpt":{"rendered":"<p>Was ist MANUFERRUM Kunstvolle kreativite Manufaktur im Bereich Metalldekoration f\u00fcr den Aussen- und Innenbereich in 23730 Neustadt! Wir sind eine Manufaktur in Norddeutschland, die sich auf allerlei Dekorationsgegenst\u00e4nde f\u00fcr Haus und Garten spezialisiert hat. Neben Feuerk\u00f6rben, Blumenschalen und Schildern haben wir uns mittlerweile mit unseren besonderen S\u00e4ulen und Pyramiden einen Namen gemacht. Frank Schumacher, Gr\u00fcnder und Kreativkopf der Unternehmens greift auf jahrelange Erfahrung im Bereich des Schwei\u00dfens und Schmiedens zur\u00fcck und hat bereits einige neue Motive entwickelt, die die S\u00e4ulen, Pyramiden und Feuerk\u00f6rbe schm\u00fccken. Die Artikel eignen sich nicht nur f\u00fcr den Garten und die Terrasse, sondern auch f\u00fcr den Balkon oder das Wohnzimmer.<\/p>\n","protected":false},"author":1,"featured_media":0,"parent":0,"menu_order":0,"comment_status":"closed","ping_status":"closed","template":"","meta":{"footnotes":""},"class_list":["post-2","page","type-page","status-publish","hentry"],"_links":{"self":[{"href":"https:\/\/manuferrum.de\/index.php?rest_route=\/wp\/v2\/pages\/2","targetHints":{"allow":["GET"]}}],"collection":[{"href":"https:\/\/manuferrum.de\/index.php?rest_route=\/wp\/v2\/pages"}],"about":[{"href":"https:\/\/manuferrum.de\/index.php?rest_route=\/wp\/v2\/types\/page"}],"author":[{"embeddable":true,"href":"https:\/\/manuferrum.de\/index.php?rest_route=\/wp\/v2\/users\/1"}],"replies":[{"embeddable":true,"href":"https:\/\/manuferrum.de\/index.php?rest_route=%2Fwp%2Fv2%2Fcomments&post=2"}],"version-history":[{"count":13,"href":"https:\/\/manuferrum.de\/index.php?rest_route=\/wp\/v2\/pages\/2\/revisions"}],"predecessor-version":[{"id":96,"href":"https:\/\/manuferrum.de\/index.php?rest_route=\/wp\/v2\/pages\/2\/revisions\/96"}],"wp:attachment":[{"href":"https:\/\/manuferrum.de\/index.php?rest_route=%2Fwp%2Fv2%2Fmedia&parent=2"}],"curies":[{"name":"wp","href":"https:\/\/api.w.org\/{rel}","templated":true}]}}