{"id":48,"date":"2024-06-22T12:35:15","date_gmt":"2024-06-22T12:35:15","guid":{"rendered":"https:\/\/cs-server4.de\/?page_id=48"},"modified":"2024-06-22T12:36:23","modified_gmt":"2024-06-22T12:36:23","slug":"saeulen","status":"publish","type":"page","link":"https:\/\/manuferrum.de\/?page_id=48","title":{"rendered":"S\u00e4ulen"},"content":{"rendered":"\t\t<div data-elementor-type=\"wp-page\" data-elementor-id=\"48\" class=\"elementor elementor-48\" data-elementor-post-type=\"page\">\n\t\t\t\t<div class=\"elementor-element elementor-element-58d2eba e-flex e-con-boxed e-con e-parent\" data-id=\"58d2eba\" data-element_type=\"container\" data-e-type=\"container\">\n\t\t\t\t\t<div class=\"e-con-inner\">\n\t\t\t\t<div class=\"elementor-element elementor-element-99c73bd elementor-widget elementor-widget-text-editor\" data-id=\"99c73bd\" data-element_type=\"widget\" data-e-type=\"widget\" data-widget_type=\"text-editor.default\">\n\t\t\t\t<div class=\"elementor-widget-container\">\n\t\t\t\t\t\t\t\t\t<p>f\u00fcr Balkon, Haus und Garten!<\/p><p style=\"text-align: left;\">Eine zauberhafte Dekorationsidee f\u00fcr Deinen Garten oder Dein Haus sind unsere einzigartigen S\u00e4ulen. Jede dieser S\u00e4ulen wirkt elegant und zeitlos sch\u00f6n. Die S\u00e4ulen lassen sich wunderbar mit einer Staude oder einer Gartenrose kombinieren. Stell&#8216; die S\u00e4ule z.B. ins Wohnzimmer und leuchten diese mit kraftvollem oder geheimnisvollen Licht aus. Du wirst \u00fcberrascht sein, wie sich ein Raum durch diesen reizenden Effekt \u00e4ndert.\u00a0\u00a0\u00a0 Die S\u00e4ule ist im Edelrost-Design oder pulverbeschichtet (in wei\u00df oder anthrazit) erh\u00e4ltlich. Edelrost wirkt durch seine por\u00f6se Oberfl\u00e4che und seine erdig-braune Farbe im Garten sehr stilvoll. Skulpturen aus Edelrost beeindrucken durch ihren altert\u00fcmli-chen und antiken Stil &#8211; ebenso als Gartendeko, wie auch als Dekoration in der Wohnung. Die pulverbeschichteten S\u00e4ulen wirken sehr edel und hochwertig. Pulverschichtung ist eine spezielle Form der Beschichtung. Objekte, die auf diese Weise versiegelt werden, sind schlag- und kratzfester als zum Beispiel nasslackierte Gegenst\u00e4nde. Die Pulverbeschichtung ist au\u00dferdem wetterfester und widerstandsf\u00e4higer. Dem-nach sind auch diese S\u00e4ulen ideal geeignet sowohl im Innen- als auch im Au\u00dfen-bereich. Der Boden der S\u00e4ule ist offen und l\u00e4sst sich deswegen von unten beleuchten f\u00fcr spektakul\u00e4re Effekte. So setzen Sie Ihre S\u00e4ule in Szene \u2013 im Garten oder im Wohn-raum. Wundersch\u00f6n: bei Tag und bei Nacht. Oben ist die S\u00e4ule geschlossen. Die S\u00e4ule hat eine quadratische Grundfl\u00e4che. Die unteren Boden- und Deckelkanten sind 19,5 cm x 19,5 cm lang. Die H\u00f6he der S\u00e4ule betr\u00e4gt 100 cm. F\u00fcr die Produkte der MANUFERRUM KG verwenden wir Stahl mit einer St\u00e4rke von 1,5 Millimeter. Damit sind unsere Produkte nicht nur langlebig, sondern auch au\u00dferordentlich robust.<\/p>\t\t\t\t\t\t\t\t<\/div>\n\t\t\t\t<\/div>\n\t\t\t\t\t<\/div>\n\t\t\t\t<\/div>\n\t\t<div class=\"elementor-element elementor-element-c787744 e-flex e-con-boxed e-con e-parent\" data-id=\"c787744\" data-element_type=\"container\" data-e-type=\"container\">\n\t\t\t\t\t<div class=\"e-con-inner\">\n\t\t\t\t\t<\/div>\n\t\t\t\t<\/div>\n\t\t\t\t<\/div>\n\t\t","protected":false},"excerpt":{"rendered":"<p>f\u00fcr Balkon, Haus und Garten! Eine zauberhafte Dekorationsidee f\u00fcr Deinen Garten oder Dein Haus sind unsere einzigartigen S\u00e4ulen. Jede dieser S\u00e4ulen wirkt elegant und zeitlos sch\u00f6n. Die S\u00e4ulen lassen sich wunderbar mit einer Staude oder einer Gartenrose kombinieren. Stell&#8216; die S\u00e4ule z.B. ins Wohnzimmer und leuchten diese mit kraftvollem oder geheimnisvollen Licht aus. Du wirst \u00fcberrascht sein, wie sich ein Raum durch diesen reizenden Effekt \u00e4ndert.\u00a0\u00a0\u00a0 Die S\u00e4ule ist im Edelrost-Design oder pulverbeschichtet (in wei\u00df oder anthrazit) erh\u00e4ltlich. Edelrost wirkt durch seine por\u00f6se Oberfl\u00e4che und seine erdig-braune Farbe im Garten sehr stilvoll. Skulpturen aus Edelrost beeindrucken durch ihren altert\u00fcmli-chen und antiken Stil &#8211; ebenso als Gartendeko, wie auch als Dekoration in der Wohnung. Die pulverbeschichteten S\u00e4ulen wirken sehr edel und hochwertig. Pulverschichtung ist eine spezielle Form der Beschichtung. Objekte, die auf diese Weise versiegelt werden, sind schlag- und kratzfester als zum Beispiel nasslackierte Gegenst\u00e4nde. Die Pulverbeschichtung ist au\u00dferdem wetterfester und widerstandsf\u00e4higer. Dem-nach sind auch diese S\u00e4ulen ideal geeignet sowohl im Innen- als auch im Au\u00dfen-bereich. Der Boden der S\u00e4ule ist offen und l\u00e4sst sich deswegen von unten beleuchten f\u00fcr spektakul\u00e4re Effekte. So setzen Sie Ihre S\u00e4ule in Szene \u2013 im Garten oder im Wohn-raum. Wundersch\u00f6n: bei Tag und bei Nacht. Oben ist die S\u00e4ule geschlossen. Die S\u00e4ule hat eine quadratische Grundfl\u00e4che. Die unteren Boden- und Deckelkanten sind 19,5 cm x 19,5 cm lang. Die H\u00f6he der S\u00e4ule betr\u00e4gt 100 cm. F\u00fcr die Produkte der MANUFERRUM KG verwenden wir Stahl mit einer St\u00e4rke von 1,5 Millimeter. Damit sind unsere Produkte nicht nur langlebig, sondern auch au\u00dferordentlich robust.<\/p>\n","protected":false},"author":1,"featured_media":0,"parent":0,"menu_order":0,"comment_status":"closed","ping_status":"closed","template":"","meta":{"footnotes":""},"class_list":["post-48","page","type-page","status-publish","hentry"],"_links":{"self":[{"href":"https:\/\/manuferrum.de\/index.php?rest_route=\/wp\/v2\/pages\/48","targetHints":{"allow":["GET"]}}],"collection":[{"href":"https:\/\/manuferrum.de\/index.php?rest_route=\/wp\/v2\/pages"}],"about":[{"href":"https:\/\/manuferrum.de\/index.php?rest_route=\/wp\/v2\/types\/page"}],"author":[{"embeddable":true,"href":"https:\/\/manuferrum.de\/index.php?rest_route=\/wp\/v2\/users\/1"}],"replies":[{"embeddable":true,"href":"https:\/\/manuferrum.de\/index.php?rest_route=%2Fwp%2Fv2%2Fcomments&post=48"}],"version-history":[{"count":4,"href":"https:\/\/manuferrum.de\/index.php?rest_route=\/wp\/v2\/pages\/48\/revisions"}],"predecessor-version":[{"id":56,"href":"https:\/\/manuferrum.de\/index.php?rest_route=\/wp\/v2\/pages\/48\/revisions\/56"}],"wp:attachment":[{"href":"https:\/\/manuferrum.de\/index.php?rest_route=%2Fwp%2Fv2%2Fmedia&parent=48"}],"curies":[{"name":"wp","href":"https:\/\/api.w.org\/{rel}","templated":true}]}}